{"id":6754,"date":"2023-02-24T18:17:16","date_gmt":"2023-02-24T15:17:16","guid":{"rendered":"https:\/\/mentorxl.com\/?page_id=6754"},"modified":"2024-05-23T18:49:15","modified_gmt":"2024-05-23T15:49:15","slug":"social-media","status":"publish","type":"page","link":"https:\/\/mentorxl.com\/en\/social-media\/","title":{"rendered":"SOCIAL MEDIA"},"content":{"rendered":"\t\t<div data-elementor-type=\"wp-page\" data-elementor-id=\"6754\" class=\"elementor elementor-6754\" data-elementor-post-type=\"page\">\n\t\t\t\t\t\t<section class=\"elementor-section elementor-top-section elementor-element elementor-element-3d9fa33 elementor-section-content-middle elementor-section-boxed elementor-section-height-default elementor-section-height-default\" data-id=\"3d9fa33\" data-element_type=\"section\" data-settings=\"{&quot;background_background&quot;:&quot;classic&quot;}\">\n\t\t\t\t\t\t<div class=\"elementor-container elementor-column-gap-extended\">\n\t\t\t\t\t<div class=\"elementor-column elementor-col-50 elementor-top-column elementor-element elementor-element-6c855a0 jarallax has-stretch-block to-left\" data-id=\"6c855a0\" data-element_type=\"column\" data-settings=\"{&quot;background_background&quot;:&quot;classic&quot;}\">\n\t\t\t<div class=\"elementor-widget-wrap elementor-element-populated\">\n\t\t\t\t\t\t<div class=\"elementor-element elementor-element-95bb1c8 elementor-widget elementor-widget-vlt-spacer\" data-id=\"95bb1c8\" data-element_type=\"widget\" data-settings=\"{&quot;aos_animation_name&quot;:&quot;none&quot;}\" data-widget_type=\"vlt-spacer.default\">\n\t\t\t\t<div class=\"elementor-widget-container\">\n\t\t\t\n\t\t<div class=\"vlt-spacer\"><\/div>\n\n\t\t\t\t<\/div>\n\t\t\t\t<\/div>\n\t\t\t\t\t<\/div>\n\t\t<\/div>\n\t\t\t\t<div class=\"elementor-column elementor-col-50 elementor-top-column elementor-element elementor-element-2be63b1\" data-id=\"2be63b1\" data-element_type=\"column\">\n\t\t\t<div class=\"elementor-widget-wrap elementor-element-populated\">\n\t\t\t\t\t\t<div class=\"elementor-element elementor-element-aef110b elementor-widget elementor-widget-vlt-spacer\" data-id=\"aef110b\" data-element_type=\"widget\" data-settings=\"{&quot;aos_animation_name&quot;:&quot;none&quot;}\" data-widget_type=\"vlt-spacer.default\">\n\t\t\t\t<div class=\"elementor-widget-container\">\n\t\t\t\n\t\t<div class=\"vlt-spacer\"><\/div>\n\n\t\t\t\t<\/div>\n\t\t\t\t<\/div>\n\t\t\t\t<div data-aos=\"custom\" data-aos-once=\"true\" class=\"elementor-element elementor-element-d4b9cb3 elementor-widget__width-initial elementor-widget elementor-widget-vlt-section-title\" data-id=\"d4b9cb3\" data-element_type=\"widget\" data-settings=\"{&quot;aos_animation_name&quot;:&quot;custom&quot;}\" data-widget_type=\"vlt-section-title.default\">\n\t\t\t\t<div class=\"elementor-widget-container\">\n\t\t\t\n\t\t<div class=\"vlt-section-title\">\n\n\t\t\t\t\t\t\t<span class=\"vlt-section-title__subtitle\">A WORLD YOU BRAND DESERVES.<\/span>\n\t\t\t\n\t\t\t\n\t\t\t\t<h2 class=\"vlt-section-title__heading \">\n\n\t\t\t\t\t\n\t\t\t\t\tSOCIAL MEDIA\n\t\t\t\t\t\n\t\t\t\t<\/h2>\n\n\t\t\t\n\t\t\t\n\t\t<\/div>\n\n\t\t\t<\/div>\n\t\t\t\t<\/div>\n\t\t\t\t<div class=\"elementor-element elementor-element-04b1f08 elementor-widget elementor-widget-vlt-spacer\" data-id=\"04b1f08\" data-element_type=\"widget\" data-settings=\"{&quot;aos_animation_name&quot;:&quot;none&quot;}\" data-widget_type=\"vlt-spacer.default\">\n\t\t\t\t<div class=\"elementor-widget-container\">\n\t\t\t\n\t\t<div class=\"vlt-spacer\"><\/div>\n\n\t\t\t\t<\/div>\n\t\t\t\t<\/div>\n\t\t\t\t<div class=\"elementor-element elementor-element-991f024 elementor-widget elementor-widget-text-editor\" data-id=\"991f024\" data-element_type=\"widget\" data-settings=\"{&quot;aos_animation_name&quot;:&quot;none&quot;}\" data-widget_type=\"text-editor.default\">\n\t\t\t\t<div class=\"elementor-widget-container\">\n\t\t\t<style>\/*! elementor - v3.21.0 - 08-05-2024 *\/\n.elementor-widget-text-editor.elementor-drop-cap-view-stacked .elementor-drop-cap{background-color:#69727d;color:#fff}.elementor-widget-text-editor.elementor-drop-cap-view-framed .elementor-drop-cap{color:#69727d;border:3px solid;background-color:transparent}.elementor-widget-text-editor:not(.elementor-drop-cap-view-default) .elementor-drop-cap{margin-top:8px}.elementor-widget-text-editor:not(.elementor-drop-cap-view-default) .elementor-drop-cap-letter{width:1em;height:1em}.elementor-widget-text-editor .elementor-drop-cap{float:left;text-align:center;line-height:1;font-size:50px}.elementor-widget-text-editor .elementor-drop-cap-letter{display:inline-block}<\/style>\t\t\t\tBrands are like people. They have their own language and style. They know where to say, what to say.<br><br>\nmentor XL consists of an experienced team that knows the importance of creative design and good content. This experienced team constructs the communication language and visual world that will best describe your brand in your social media. While doing this, they never give up on being colorful and extraordinary. The team follows trends and brings your brand together with micro and macro projects that will strengthen your customer loyalty.\t\t\t\t\t\t<\/div>\n\t\t\t\t<\/div>\n\t\t\t\t<div class=\"elementor-element elementor-element-20c981f elementor-widget elementor-widget-spacer\" data-id=\"20c981f\" data-element_type=\"widget\" data-settings=\"{&quot;aos_animation_name&quot;:&quot;none&quot;}\" data-widget_type=\"spacer.default\">\n\t\t\t\t<div class=\"elementor-widget-container\">\n\t\t\t<style>\/*! elementor - v3.21.0 - 08-05-2024 *\/\n.elementor-column .elementor-spacer-inner{height:var(--spacer-size)}.e-con{--container-widget-width:100%}.e-con-inner>.elementor-widget-spacer,.e-con>.elementor-widget-spacer{width:var(--container-widget-width,var(--spacer-size));--align-self:var(--container-widget-align-self,initial);--flex-shrink:0}.e-con-inner>.elementor-widget-spacer>.elementor-widget-container,.e-con>.elementor-widget-spacer>.elementor-widget-container{height:100%;width:100%}.e-con-inner>.elementor-widget-spacer>.elementor-widget-container>.elementor-spacer,.e-con>.elementor-widget-spacer>.elementor-widget-container>.elementor-spacer{height:100%}.e-con-inner>.elementor-widget-spacer>.elementor-widget-container>.elementor-spacer>.elementor-spacer-inner,.e-con>.elementor-widget-spacer>.elementor-widget-container>.elementor-spacer>.elementor-spacer-inner{height:var(--container-widget-height,var(--spacer-size))}.e-con-inner>.elementor-widget-spacer.elementor-widget-empty,.e-con>.elementor-widget-spacer.elementor-widget-empty{position:relative;min-height:22px;min-width:22px}.e-con-inner>.elementor-widget-spacer.elementor-widget-empty .elementor-widget-empty-icon,.e-con>.elementor-widget-spacer.elementor-widget-empty .elementor-widget-empty-icon{position:absolute;top:0;bottom:0;left:0;right:0;margin:auto;padding:0;width:22px;height:22px}<\/style>\t\t<div class=\"elementor-spacer\">\n\t\t\t<div class=\"elementor-spacer-inner\"><\/div>\n\t\t<\/div>\n\t\t\t\t<\/div>\n\t\t\t\t<\/div>\n\t\t\t\t\t<\/div>\n\t\t<\/div>\n\t\t\t\t\t<\/div>\n\t\t<\/section>\n\t\t\t\t<section class=\"elementor-section elementor-top-section elementor-element elementor-element-43801c5 elementor-section-full_width has-navbar-offset-padding has-vertical-lines elementor-section-height-default elementor-section-height-default\" data-id=\"43801c5\" data-element_type=\"section\">\n\t\t\t\t\t\t<div class=\"elementor-container elementor-column-gap-no\">\n\t\t\t\t\t<div class=\"elementor-column elementor-col-100 elementor-top-column elementor-element elementor-element-8058714\" data-id=\"8058714\" data-element_type=\"column\">\n\t\t\t<div class=\"elementor-widget-wrap elementor-element-populated\">\n\t\t\t\t\t\t<div class=\"elementor-element elementor-element-364fae6 elementor-widget elementor-widget-visual-portfolio\" data-id=\"364fae6\" data-element_type=\"widget\" data-settings=\"{&quot;aos_animation_name&quot;:&quot;none&quot;}\" data-widget_type=\"visual-portfolio.default\">\n\t\t\t\t<div class=\"elementor-widget-container\">\n\t\t\t\t\t<div\n\t\t\t\t\t>\n\t\t\t\t\t\t\t\n<div class=\"vp-portfolio vp-uid-41301a01 vp-id-7427 \"\n\tdata-vp-layout=\"grid\" data-vp-content-source=\"post-based\" data-vp-items-style=\"default\" data-vp-items-click-action=\"url\" data-vp-items-gap=\"50\" data-vp-items-gap-vertical=\"70\" data-vp-pagination=\"paged\" data-vp-next-page-url=\"\" data-vp-random-seed=\"2249786578\" data-vp-grid-columns=\"3\" data-vp-grid-images-aspect-ratio=\"1:1\" data-vp-tilt-effect=\"false\" data-vp-slider-stretch-to-container=\"false\" data-vp-slider-navigation-anchor=\"\" >\n\t<div class=\"vp-portfolio__preloader-wrap\">\n\t\t<div class=\"vp-portfolio__preloader\">\n\t\t\t<img decoding=\"async\" loading=\"eager\" src=\"https:\/\/mentorxl.com\/wp-content\/plugins\/visual-portfolio\/assets\/images\/logo-dark.svg\" alt=\"Visual Portfolio, Posts &amp; Image Gallery for WordPress\" width=\"20\" height=\"20\" data-skip-lazy>\n\t\t<\/div>\n\t<\/div>\n\t\t<div class=\"vp-portfolio__items-wrap\">\n\t\t\t\n<div class=\"vp-portfolio__items vp-portfolio__items-style-default vp-portfolio__items-show-overlay-hover\">\n\n\t\t<article\t\tclass=\"vp-portfolio__item-wrap post-6824 portfolio type-portfolio status-publish format-standard has-post-thumbnail hentry portfolio_category-social-media vp-portfolio__item-uid-58ffb829\" data-vp-filter=\"social-media\" style=\"--vp-images__object-position: 50% 50%;\" \t\t>\n\t\t\t\t\t\t\t\t\t<figure class=\"vp-portfolio__item\">\n\t\t\t\t\n<div class=\"vp-portfolio__item-img-wrap\">\n\t<div class=\"vp-portfolio__item-img\">\n\t\t\t<a\n\t\thref=\"https:\/\/mentorxl.com\/en\/portfolio\/turkseker-2\/\"\n\t\t\t>\n\t\n\t\t<noscript><img fetchpriority=\"high\" decoding=\"async\" width=\"936\" height=\"700\" data-skip-lazy src=\"https:\/\/mentorxl.com\/wp-content\/uploads\/2023\/02\/kapak-4.jpg\" class=\"wp-image-6832\" alt=\"\" srcset=\"https:\/\/mentorxl.com\/wp-content\/uploads\/2023\/02\/kapak-4.jpg 936w, https:\/\/mentorxl.com\/wp-content\/uploads\/2023\/02\/kapak-4-300x224.jpg 300w, https:\/\/mentorxl.com\/wp-content\/uploads\/2023\/02\/kapak-4-768x574.jpg 768w, https:\/\/mentorxl.com\/wp-content\/uploads\/2023\/02\/kapak-4-500x374.jpg 500w, https:\/\/mentorxl.com\/wp-content\/uploads\/2023\/02\/kapak-4-800x598.jpg 800w\" sizes=\"(max-width: 936px) 100vw, 936px\" \/><\/noscript><img decoding=\"async\" width=\"936\" height=\"700\" src=\"https:\/\/mentorxl.com\/wp-content\/uploads\/2023\/02\/kapak-4.jpg\" class=\"wp-image-6832 vp-lazyload\" alt srcset=\"data:image\/svg+xml;base64,PHN2ZyB3aWR0aD0iOTM2IiBoZWlnaHQ9IjcwMCIgdmlld0JveD0iMCAwIDkzNiA3MDAiIGZpbGw9Im5vbmUiIHhtbG5zPSJodHRwOi8vd3d3LnczLm9yZy8yMDAwL3N2ZyI+PC9zdmc+\" data-src=\"https:\/\/mentorxl.com\/wp-content\/uploads\/2023\/02\/kapak-4.jpg\" data-srcset=\"https:\/\/mentorxl.com\/wp-content\/uploads\/2023\/02\/kapak-4.jpg 936w, https:\/\/mentorxl.com\/wp-content\/uploads\/2023\/02\/kapak-4-300x224.jpg 300w, https:\/\/mentorxl.com\/wp-content\/uploads\/2023\/02\/kapak-4-768x574.jpg 768w, https:\/\/mentorxl.com\/wp-content\/uploads\/2023\/02\/kapak-4-500x374.jpg 500w, https:\/\/mentorxl.com\/wp-content\/uploads\/2023\/02\/kapak-4-800x598.jpg 800w\" data-sizes=\"auto\" loading=\"eager\">\n\t\t<div class=\"vp-portfolio__item-overlay\">\n\t\t\t\t\t<\/div>\n\n\t\t<\/a>\t<\/div>\n<\/div>\n\n<figcaption class=\"vp-portfolio__item-overlay vp-portfolio__item-align-center\">\n\t\t\t<div class=\"vp-portfolio__item-meta\">\n\t\t\t\n<h5 class=\"vp-portfolio__item-meta-title\">\n\t\t<a\n\t\thref=\"https:\/\/mentorxl.com\/en\/portfolio\/turkseker-2\/\"\n\t\t\t>\n\tT\u00fcrk\u015feker<\/a><\/h5>\t\t<\/div>\n\t<\/figcaption>\t\t\t<\/figure>\n\t\t\t\t\t<\/article>\n\t\t\n\t\t<article\t\tclass=\"vp-portfolio__item-wrap post-6887 portfolio type-portfolio status-publish format-standard has-post-thumbnail hentry portfolio_category-social-media vp-portfolio__item-uid-3b190119\" data-vp-filter=\"social-media\" style=\"--vp-images__object-position: 50% 50%;\" \t\t>\n\t\t\t\t\t\t\t\t\t<figure class=\"vp-portfolio__item\">\n\t\t\t\t\n<div class=\"vp-portfolio__item-img-wrap\">\n\t<div class=\"vp-portfolio__item-img\">\n\t\t\t<a\n\t\thref=\"https:\/\/mentorxl.com\/en\/portfolio\/armine-social-media-management\/\"\n\t\t\t>\n\t\n\t\t<noscript><img decoding=\"async\" width=\"936\" height=\"700\" data-skip-lazy src=\"https:\/\/mentorxl.com\/wp-content\/uploads\/2023\/03\/KAPAK-Armine.jpg\" class=\"wp-image-6888\" alt=\"\" srcset=\"https:\/\/mentorxl.com\/wp-content\/uploads\/2023\/03\/KAPAK-Armine.jpg 936w, https:\/\/mentorxl.com\/wp-content\/uploads\/2023\/03\/KAPAK-Armine-300x224.jpg 300w, https:\/\/mentorxl.com\/wp-content\/uploads\/2023\/03\/KAPAK-Armine-768x574.jpg 768w, https:\/\/mentorxl.com\/wp-content\/uploads\/2023\/03\/KAPAK-Armine-500x374.jpg 500w, https:\/\/mentorxl.com\/wp-content\/uploads\/2023\/03\/KAPAK-Armine-800x598.jpg 800w\" sizes=\"(max-width: 936px) 100vw, 936px\" \/><\/noscript><img decoding=\"async\" width=\"936\" height=\"700\" src=\"https:\/\/mentorxl.com\/wp-content\/uploads\/2023\/03\/KAPAK-Armine.jpg\" class=\"wp-image-6888 vp-lazyload\" alt srcset=\"data:image\/svg+xml;base64,PHN2ZyB3aWR0aD0iOTM2IiBoZWlnaHQ9IjcwMCIgdmlld0JveD0iMCAwIDkzNiA3MDAiIGZpbGw9Im5vbmUiIHhtbG5zPSJodHRwOi8vd3d3LnczLm9yZy8yMDAwL3N2ZyI+PC9zdmc+\" data-src=\"https:\/\/mentorxl.com\/wp-content\/uploads\/2023\/03\/KAPAK-Armine.jpg\" data-srcset=\"https:\/\/mentorxl.com\/wp-content\/uploads\/2023\/03\/KAPAK-Armine.jpg 936w, https:\/\/mentorxl.com\/wp-content\/uploads\/2023\/03\/KAPAK-Armine-300x224.jpg 300w, https:\/\/mentorxl.com\/wp-content\/uploads\/2023\/03\/KAPAK-Armine-768x574.jpg 768w, https:\/\/mentorxl.com\/wp-content\/uploads\/2023\/03\/KAPAK-Armine-500x374.jpg 500w, https:\/\/mentorxl.com\/wp-content\/uploads\/2023\/03\/KAPAK-Armine-800x598.jpg 800w\" data-sizes=\"auto\" loading=\"eager\">\n\t\t<div class=\"vp-portfolio__item-overlay\">\n\t\t\t\t\t<\/div>\n\n\t\t<\/a>\t<\/div>\n<\/div>\n\n<figcaption class=\"vp-portfolio__item-overlay vp-portfolio__item-align-center\">\n\t\t\t<div class=\"vp-portfolio__item-meta\">\n\t\t\t\n<h5 class=\"vp-portfolio__item-meta-title\">\n\t\t<a\n\t\thref=\"https:\/\/mentorxl.com\/en\/portfolio\/armine-social-media-management\/\"\n\t\t\t>\n\tArmine Social Media Management<\/a><\/h5>\t\t<\/div>\n\t<\/figcaption>\t\t\t<\/figure>\n\t\t\t\t\t<\/article>\n\t\t\n\t\t<article\t\tclass=\"vp-portfolio__item-wrap post-6627 portfolio type-portfolio status-publish format-standard has-post-thumbnail hentry portfolio_category-social-media vp-portfolio__item-uid-cb68c499\" data-vp-filter=\"social-media\" style=\"--vp-images__object-position: 50% 50%;\" \t\t>\n\t\t\t\t\t\t\t\t\t<figure class=\"vp-portfolio__item\">\n\t\t\t\t\n<div class=\"vp-portfolio__item-img-wrap\">\n\t<div class=\"vp-portfolio__item-img\">\n\t\t\t<a\n\t\thref=\"https:\/\/mentorxl.com\/en\/portfolio\/sinpas-kizilbuk\/\"\n\t\t\t>\n\t\n\t\t<noscript><img decoding=\"async\" width=\"936\" height=\"700\" data-skip-lazy src=\"https:\/\/mentorxl.com\/wp-content\/uploads\/2023\/02\/kapak-3.jpg\" class=\"wp-image-6781\" alt=\"\" srcset=\"https:\/\/mentorxl.com\/wp-content\/uploads\/2023\/02\/kapak-3.jpg 936w, https:\/\/mentorxl.com\/wp-content\/uploads\/2023\/02\/kapak-3-300x224.jpg 300w, https:\/\/mentorxl.com\/wp-content\/uploads\/2023\/02\/kapak-3-768x574.jpg 768w, https:\/\/mentorxl.com\/wp-content\/uploads\/2023\/02\/kapak-3-500x374.jpg 500w, https:\/\/mentorxl.com\/wp-content\/uploads\/2023\/02\/kapak-3-800x598.jpg 800w\" sizes=\"(max-width: 936px) 100vw, 936px\" \/><\/noscript><img decoding=\"async\" width=\"936\" height=\"700\" src=\"https:\/\/mentorxl.com\/wp-content\/uploads\/2023\/02\/kapak-3.jpg\" class=\"wp-image-6781 vp-lazyload\" alt srcset=\"data:image\/svg+xml;base64,PHN2ZyB3aWR0aD0iOTM2IiBoZWlnaHQ9IjcwMCIgdmlld0JveD0iMCAwIDkzNiA3MDAiIGZpbGw9Im5vbmUiIHhtbG5zPSJodHRwOi8vd3d3LnczLm9yZy8yMDAwL3N2ZyI+PC9zdmc+\" data-src=\"https:\/\/mentorxl.com\/wp-content\/uploads\/2023\/02\/kapak-3.jpg\" data-srcset=\"https:\/\/mentorxl.com\/wp-content\/uploads\/2023\/02\/kapak-3.jpg 936w, https:\/\/mentorxl.com\/wp-content\/uploads\/2023\/02\/kapak-3-300x224.jpg 300w, https:\/\/mentorxl.com\/wp-content\/uploads\/2023\/02\/kapak-3-768x574.jpg 768w, https:\/\/mentorxl.com\/wp-content\/uploads\/2023\/02\/kapak-3-500x374.jpg 500w, https:\/\/mentorxl.com\/wp-content\/uploads\/2023\/02\/kapak-3-800x598.jpg 800w\" data-sizes=\"auto\" loading=\"eager\">\n\t\t<div class=\"vp-portfolio__item-overlay\">\n\t\t\t\t\t<\/div>\n\n\t\t<\/a>\t<\/div>\n<\/div>\n\n<figcaption class=\"vp-portfolio__item-overlay vp-portfolio__item-align-center\">\n\t\t\t<div class=\"vp-portfolio__item-meta\">\n\t\t\t\n<h5 class=\"vp-portfolio__item-meta-title\">\n\t\t<a\n\t\thref=\"https:\/\/mentorxl.com\/en\/portfolio\/sinpas-kizilbuk\/\"\n\t\t\t>\n\tSinpa\u015f K\u0131z\u0131lb\u00fck<\/a><\/h5>\t\t<\/div>\n\t<\/figcaption>\t\t\t<\/figure>\n\t\t\t\t\t<\/article>\n\t\t\n<\/div>\n\t\t<\/div>\n\t\t\t\t<div class=\"vp-portfolio__layout-elements vp-portfolio__layout-elements-bottom vp-portfolio__layout-elements-align-center\">\n\t\t\t\t<div class=\"vp-portfolio__pagination-wrap\">\n\t\t\t\t<\/div>\n\t\t\t\t<\/div>\n\t\t\n<\/div>\n\t\t\t\t\t<\/div>\n\t\t\t\t<\/div>\n\t\t\t\t<\/div>\n\t\t\t\t\t<\/div>\n\t\t<\/div>\n\t\t\t\t\t<\/div>\n\t\t<\/section>\n\t\t\t\t<\/div>\n\t\t","protected":false},"excerpt":{"rendered":"<p>A WORLD YOU BRAND DESERVES. SOCIAL MEDIA Brands are like people. They have their own language and style. They know where to say, what to say. mentor XL consists of an experienced team that knows the importance of creative design and good content. This experienced team constructs the communication language and visual world that will [&hellip;]<\/p>\n","protected":false},"author":1,"featured_media":0,"parent":0,"menu_order":7,"comment_status":"closed","ping_status":"closed","template":"template-custom-page.php","meta":{"_vp_format_video_url":"","_vp_image_focal_point":[],"footnotes":""},"yoast_head":"<!-- This site is optimized with the Yoast SEO plugin v22.6 - https:\/\/yoast.com\/wordpress\/plugins\/seo\/ -->\n<title>Professional Social Media Management - MentorXL<\/title>\n<meta name=\"description\" content=\"Experience top-tier social media management with MentorXL. Boost engagement and grow your brand effectively. Book a consultation now!\" \/>\n<meta name=\"robots\" content=\"index, follow, max-snippet:-1, max-image-preview:large, max-video-preview:-1\" \/>\n<link rel=\"canonical\" href=\"https:\/\/mentorxl.com\/en\/social-media\/\" \/>\n<meta property=\"og:locale\" content=\"en_US\" \/>\n<meta property=\"og:type\" content=\"article\" \/>\n<meta property=\"og:title\" content=\"Professional Social Media Management - MentorXL\" \/>\n<meta property=\"og:description\" content=\"Experience top-tier social media management with MentorXL. Boost engagement and grow your brand effectively. Book a consultation now!\" \/>\n<meta property=\"og:url\" content=\"https:\/\/mentorxl.com\/en\/social-media\/\" \/>\n<meta property=\"og:site_name\" content=\"mentorXL\" \/>\n<meta property=\"article:modified_time\" content=\"2024-05-23T15:49:15+00:00\" \/>\n<meta name=\"twitter:card\" content=\"summary_large_image\" \/>\n<meta name=\"twitter:label1\" content=\"Est. reading time\" \/>\n\t<meta name=\"twitter:data1\" content=\"1 minute\" \/>\n<script type=\"application\/ld+json\" class=\"yoast-schema-graph\">{\"@context\":\"https:\/\/schema.org\",\"@graph\":[{\"@type\":\"WebPage\",\"@id\":\"https:\/\/mentorxl.com\/en\/social-media\/\",\"url\":\"https:\/\/mentorxl.com\/en\/social-media\/\",\"name\":\"Professional Social Media Management - MentorXL\",\"isPartOf\":{\"@id\":\"https:\/\/mentorxl.com\/#website\"},\"datePublished\":\"2023-02-24T15:17:16+00:00\",\"dateModified\":\"2024-05-23T15:49:15+00:00\",\"description\":\"Experience top-tier social media management with MentorXL. Boost engagement and grow your brand effectively. Book a consultation now!\",\"breadcrumb\":{\"@id\":\"https:\/\/mentorxl.com\/en\/social-media\/#breadcrumb\"},\"inLanguage\":\"en-US\",\"potentialAction\":[{\"@type\":\"ReadAction\",\"target\":[\"https:\/\/mentorxl.com\/en\/social-media\/\"]}]},{\"@type\":\"BreadcrumbList\",\"@id\":\"https:\/\/mentorxl.com\/en\/social-media\/#breadcrumb\",\"itemListElement\":[{\"@type\":\"ListItem\",\"position\":1,\"name\":\"Home\",\"item\":\"https:\/\/mentorxl.com\/\"},{\"@type\":\"ListItem\",\"position\":2,\"name\":\"SOCIAL MEDIA\"}]},{\"@type\":\"WebSite\",\"@id\":\"https:\/\/mentorxl.com\/#website\",\"url\":\"https:\/\/mentorxl.com\/\",\"name\":\"mentorXL\",\"description\":\"\",\"publisher\":{\"@id\":\"https:\/\/mentorxl.com\/#organization\"},\"potentialAction\":[{\"@type\":\"SearchAction\",\"target\":{\"@type\":\"EntryPoint\",\"urlTemplate\":\"https:\/\/mentorxl.com\/?s={search_term_string}\"},\"query-input\":\"required name=search_term_string\"}],\"inLanguage\":\"en-US\"},{\"@type\":\"Organization\",\"@id\":\"https:\/\/mentorxl.com\/#organization\",\"name\":\"MentorXL\",\"url\":\"https:\/\/mentorxl.com\/\",\"logo\":{\"@type\":\"ImageObject\",\"inLanguage\":\"en-US\",\"@id\":\"https:\/\/mentorxl.com\/#\/schema\/logo\/image\/\",\"url\":\"https:\/\/mentorxl.com\/wp-content\/uploads\/2023\/03\/285873463_432473161648848_1741675040718997807_n-1.jpg\",\"contentUrl\":\"https:\/\/mentorxl.com\/wp-content\/uploads\/2023\/03\/285873463_432473161648848_1741675040718997807_n-1.jpg\",\"width\":320,\"height\":320,\"caption\":\"MentorXL\"},\"image\":{\"@id\":\"https:\/\/mentorxl.com\/#\/schema\/logo\/image\/\"},\"sameAs\":[\"https:\/\/www.instagram.com\/mentor.xl\/\"]}]}<\/script>\n<!-- \/ Yoast SEO plugin. -->","yoast_head_json":{"title":"Professional Social Media Management - MentorXL","description":"Experience top-tier social media management with MentorXL. Boost engagement and grow your brand effectively. Book a consultation now!","robots":{"index":"index","follow":"follow","max-snippet":"max-snippet:-1","max-image-preview":"max-image-preview:large","max-video-preview":"max-video-preview:-1"},"canonical":"https:\/\/mentorxl.com\/en\/social-media\/","og_locale":"en_US","og_type":"article","og_title":"Professional Social Media Management - MentorXL","og_description":"Experience top-tier social media management with MentorXL. Boost engagement and grow your brand effectively. Book a consultation now!","og_url":"https:\/\/mentorxl.com\/en\/social-media\/","og_site_name":"mentorXL","article_modified_time":"2024-05-23T15:49:15+00:00","twitter_card":"summary_large_image","twitter_misc":{"Est. reading time":"1 minute"},"schema":{"@context":"https:\/\/schema.org","@graph":[{"@type":"WebPage","@id":"https:\/\/mentorxl.com\/en\/social-media\/","url":"https:\/\/mentorxl.com\/en\/social-media\/","name":"Professional Social Media Management - MentorXL","isPartOf":{"@id":"https:\/\/mentorxl.com\/#website"},"datePublished":"2023-02-24T15:17:16+00:00","dateModified":"2024-05-23T15:49:15+00:00","description":"Experience top-tier social media management with MentorXL. Boost engagement and grow your brand effectively. Book a consultation now!","breadcrumb":{"@id":"https:\/\/mentorxl.com\/en\/social-media\/#breadcrumb"},"inLanguage":"en-US","potentialAction":[{"@type":"ReadAction","target":["https:\/\/mentorxl.com\/en\/social-media\/"]}]},{"@type":"BreadcrumbList","@id":"https:\/\/mentorxl.com\/en\/social-media\/#breadcrumb","itemListElement":[{"@type":"ListItem","position":1,"name":"Home","item":"https:\/\/mentorxl.com\/"},{"@type":"ListItem","position":2,"name":"SOCIAL MEDIA"}]},{"@type":"WebSite","@id":"https:\/\/mentorxl.com\/#website","url":"https:\/\/mentorxl.com\/","name":"mentorXL","description":"","publisher":{"@id":"https:\/\/mentorxl.com\/#organization"},"potentialAction":[{"@type":"SearchAction","target":{"@type":"EntryPoint","urlTemplate":"https:\/\/mentorxl.com\/?s={search_term_string}"},"query-input":"required name=search_term_string"}],"inLanguage":"en-US"},{"@type":"Organization","@id":"https:\/\/mentorxl.com\/#organization","name":"MentorXL","url":"https:\/\/mentorxl.com\/","logo":{"@type":"ImageObject","inLanguage":"en-US","@id":"https:\/\/mentorxl.com\/#\/schema\/logo\/image\/","url":"https:\/\/mentorxl.com\/wp-content\/uploads\/2023\/03\/285873463_432473161648848_1741675040718997807_n-1.jpg","contentUrl":"https:\/\/mentorxl.com\/wp-content\/uploads\/2023\/03\/285873463_432473161648848_1741675040718997807_n-1.jpg","width":320,"height":320,"caption":"MentorXL"},"image":{"@id":"https:\/\/mentorxl.com\/#\/schema\/logo\/image\/"},"sameAs":["https:\/\/www.instagram.com\/mentor.xl\/"]}]}},"_links":{"self":[{"href":"https:\/\/mentorxl.com\/en\/wp-json\/wp\/v2\/pages\/6754"}],"collection":[{"href":"https:\/\/mentorxl.com\/en\/wp-json\/wp\/v2\/pages"}],"about":[{"href":"https:\/\/mentorxl.com\/en\/wp-json\/wp\/v2\/types\/page"}],"author":[{"embeddable":true,"href":"https:\/\/mentorxl.com\/en\/wp-json\/wp\/v2\/users\/1"}],"replies":[{"embeddable":true,"href":"https:\/\/mentorxl.com\/en\/wp-json\/wp\/v2\/comments?post=6754"}],"version-history":[{"count":16,"href":"https:\/\/mentorxl.com\/en\/wp-json\/wp\/v2\/pages\/6754\/revisions"}],"predecessor-version":[{"id":7439,"href":"https:\/\/mentorxl.com\/en\/wp-json\/wp\/v2\/pages\/6754\/revisions\/7439"}],"wp:attachment":[{"href":"https:\/\/mentorxl.com\/en\/wp-json\/wp\/v2\/media?parent=6754"}],"curies":[{"name":"wp","href":"https:\/\/api.w.org\/{rel}","templated":true}]}}