{"id":6728,"date":"2023-02-24T17:51:43","date_gmt":"2023-02-24T14:51:43","guid":{"rendered":"https:\/\/mentorxl.com\/?page_id=6728"},"modified":"2024-05-23T18:52:44","modified_gmt":"2024-05-23T15:52:44","slug":"campaign-advertising","status":"publish","type":"page","link":"https:\/\/mentorxl.com\/en\/campaign-advertising\/","title":{"rendered":"CAMPAIGN \/ ADVERTISING"},"content":{"rendered":"\t\t<div data-elementor-type=\"wp-page\" data-elementor-id=\"6728\" class=\"elementor elementor-6728\" data-elementor-post-type=\"page\">\n\t\t\t\t\t\t<section class=\"elementor-section elementor-top-section elementor-element elementor-element-5172cb9 elementor-section-content-middle elementor-section-boxed elementor-section-height-default elementor-section-height-default\" data-id=\"5172cb9\" data-element_type=\"section\" data-settings=\"{&quot;background_background&quot;:&quot;classic&quot;}\">\n\t\t\t\t\t\t<div class=\"elementor-container elementor-column-gap-extended\">\n\t\t\t\t\t<div class=\"elementor-column elementor-col-50 elementor-top-column elementor-element elementor-element-320f2f0 jarallax has-stretch-block to-left\" data-id=\"320f2f0\" data-element_type=\"column\" data-settings=\"{&quot;background_background&quot;:&quot;classic&quot;}\">\n\t\t\t<div class=\"elementor-widget-wrap elementor-element-populated\">\n\t\t\t\t\t\t<div class=\"elementor-element elementor-element-5b01e27 elementor-widget elementor-widget-vlt-spacer\" data-id=\"5b01e27\" data-element_type=\"widget\" data-settings=\"{&quot;aos_animation_name&quot;:&quot;none&quot;}\" data-widget_type=\"vlt-spacer.default\">\n\t\t\t\t<div class=\"elementor-widget-container\">\n\t\t\t\n\t\t<div class=\"vlt-spacer\"><\/div>\n\n\t\t\t\t<\/div>\n\t\t\t\t<\/div>\n\t\t\t\t\t<\/div>\n\t\t<\/div>\n\t\t\t\t<div class=\"elementor-column elementor-col-50 elementor-top-column elementor-element elementor-element-12bd1ef\" data-id=\"12bd1ef\" data-element_type=\"column\">\n\t\t\t<div class=\"elementor-widget-wrap elementor-element-populated\">\n\t\t\t\t\t\t<div class=\"elementor-element elementor-element-06b13c9 elementor-widget elementor-widget-vlt-spacer\" data-id=\"06b13c9\" data-element_type=\"widget\" data-settings=\"{&quot;aos_animation_name&quot;:&quot;none&quot;}\" data-widget_type=\"vlt-spacer.default\">\n\t\t\t\t<div class=\"elementor-widget-container\">\n\t\t\t\n\t\t<div class=\"vlt-spacer\"><\/div>\n\n\t\t\t\t<\/div>\n\t\t\t\t<\/div>\n\t\t\t\t<div data-aos=\"custom\" data-aos-once=\"true\" class=\"elementor-element elementor-element-de23179 elementor-widget__width-initial elementor-widget elementor-widget-vlt-section-title\" data-id=\"de23179\" data-element_type=\"widget\" data-settings=\"{&quot;aos_animation_name&quot;:&quot;custom&quot;}\" data-widget_type=\"vlt-section-title.default\">\n\t\t\t\t<div class=\"elementor-widget-container\">\n\t\t\t\n\t\t<div class=\"vlt-section-title\">\n\n\t\t\t\t\t\t\t<span class=\"vlt-section-title__subtitle\">WE HAVE EYES ON THE PRIZE.<\/span>\n\t\t\t\n\t\t\t\n\t\t\t\t<h2 class=\"vlt-section-title__heading \">\n\n\t\t\t\t\t\n\t\t\t\t\tCAMPAIGN \/ ADVERTISING\n\t\t\t\t\t\n\t\t\t\t<\/h2>\n\n\t\t\t\n\t\t\t\n\t\t<\/div>\n\n\t\t\t<\/div>\n\t\t\t\t<\/div>\n\t\t\t\t<div class=\"elementor-element elementor-element-1a97638 elementor-widget elementor-widget-vlt-spacer\" data-id=\"1a97638\" data-element_type=\"widget\" data-settings=\"{&quot;aos_animation_name&quot;:&quot;none&quot;}\" data-widget_type=\"vlt-spacer.default\">\n\t\t\t\t<div class=\"elementor-widget-container\">\n\t\t\t\n\t\t<div class=\"vlt-spacer\"><\/div>\n\n\t\t\t\t<\/div>\n\t\t\t\t<\/div>\n\t\t\t\t<div class=\"elementor-element elementor-element-c0efb20 elementor-widget elementor-widget-text-editor\" data-id=\"c0efb20\" data-element_type=\"widget\" data-settings=\"{&quot;aos_animation_name&quot;:&quot;none&quot;}\" data-widget_type=\"text-editor.default\">\n\t\t\t\t<div class=\"elementor-widget-container\">\n\t\t\t<style>\/*! elementor - v3.21.0 - 08-05-2024 *\/\n.elementor-widget-text-editor.elementor-drop-cap-view-stacked .elementor-drop-cap{background-color:#69727d;color:#fff}.elementor-widget-text-editor.elementor-drop-cap-view-framed .elementor-drop-cap{color:#69727d;border:3px solid;background-color:transparent}.elementor-widget-text-editor:not(.elementor-drop-cap-view-default) .elementor-drop-cap{margin-top:8px}.elementor-widget-text-editor:not(.elementor-drop-cap-view-default) .elementor-drop-cap-letter{width:1em;height:1em}.elementor-widget-text-editor .elementor-drop-cap{float:left;text-align:center;line-height:1;font-size:50px}.elementor-widget-text-editor .elementor-drop-cap-letter{display:inline-block}<\/style>\t\t\t\tWe\u2019ll admit we aim pretty high. Just like our name, we love to do XL jobs. Therefore we are enthusiastic about creating projects that will increase your brand loyalty and touch the very hearts of your customers. While doing this, we think in 360 degrees; We create campaigns and advertising ideas suitable for different media platforms.\t\t\t\t\t\t<\/div>\n\t\t\t\t<\/div>\n\t\t\t\t<div class=\"elementor-element elementor-element-fbdeaa4 elementor-widget elementor-widget-spacer\" data-id=\"fbdeaa4\" data-element_type=\"widget\" data-settings=\"{&quot;aos_animation_name&quot;:&quot;none&quot;}\" data-widget_type=\"spacer.default\">\n\t\t\t\t<div class=\"elementor-widget-container\">\n\t\t\t<style>\/*! elementor - v3.21.0 - 08-05-2024 *\/\n.elementor-column .elementor-spacer-inner{height:var(--spacer-size)}.e-con{--container-widget-width:100%}.e-con-inner>.elementor-widget-spacer,.e-con>.elementor-widget-spacer{width:var(--container-widget-width,var(--spacer-size));--align-self:var(--container-widget-align-self,initial);--flex-shrink:0}.e-con-inner>.elementor-widget-spacer>.elementor-widget-container,.e-con>.elementor-widget-spacer>.elementor-widget-container{height:100%;width:100%}.e-con-inner>.elementor-widget-spacer>.elementor-widget-container>.elementor-spacer,.e-con>.elementor-widget-spacer>.elementor-widget-container>.elementor-spacer{height:100%}.e-con-inner>.elementor-widget-spacer>.elementor-widget-container>.elementor-spacer>.elementor-spacer-inner,.e-con>.elementor-widget-spacer>.elementor-widget-container>.elementor-spacer>.elementor-spacer-inner{height:var(--container-widget-height,var(--spacer-size))}.e-con-inner>.elementor-widget-spacer.elementor-widget-empty,.e-con>.elementor-widget-spacer.elementor-widget-empty{position:relative;min-height:22px;min-width:22px}.e-con-inner>.elementor-widget-spacer.elementor-widget-empty .elementor-widget-empty-icon,.e-con>.elementor-widget-spacer.elementor-widget-empty .elementor-widget-empty-icon{position:absolute;top:0;bottom:0;left:0;right:0;margin:auto;padding:0;width:22px;height:22px}<\/style>\t\t<div class=\"elementor-spacer\">\n\t\t\t<div class=\"elementor-spacer-inner\"><\/div>\n\t\t<\/div>\n\t\t\t\t<\/div>\n\t\t\t\t<\/div>\n\t\t\t\t\t<\/div>\n\t\t<\/div>\n\t\t\t\t\t<\/div>\n\t\t<\/section>\n\t\t\t\t<section class=\"elementor-section elementor-top-section elementor-element elementor-element-f489f13 elementor-section-full_width has-navbar-offset-padding has-vertical-lines elementor-section-height-default elementor-section-height-default\" data-id=\"f489f13\" data-element_type=\"section\">\n\t\t\t\t\t\t<div class=\"elementor-container elementor-column-gap-no\">\n\t\t\t\t\t<div class=\"elementor-column elementor-col-100 elementor-top-column elementor-element elementor-element-37a85b3\" data-id=\"37a85b3\" data-element_type=\"column\">\n\t\t\t<div class=\"elementor-widget-wrap elementor-element-populated\">\n\t\t\t\t\t\t<div class=\"elementor-element elementor-element-0cfe087 elementor-widget elementor-widget-visual-portfolio\" data-id=\"0cfe087\" data-element_type=\"widget\" data-settings=\"{&quot;aos_animation_name&quot;:&quot;none&quot;}\" data-widget_type=\"visual-portfolio.default\">\n\t\t\t\t<div class=\"elementor-widget-container\">\n\t\t\t\t\t<div\n\t\t\t\t\t>\n\t\t\t\t\t\t\t\n<div class=\"vp-portfolio vp-uid-faa25453 vp-id-7418 \"\n\tdata-vp-layout=\"grid\" data-vp-content-source=\"post-based\" data-vp-items-style=\"default\" data-vp-items-click-action=\"url\" data-vp-items-gap=\"50\" data-vp-items-gap-vertical=\"70\" data-vp-pagination=\"paged\" data-vp-next-page-url=\"\" data-vp-random-seed=\"60679455\" data-vp-grid-columns=\"3\" data-vp-grid-images-aspect-ratio=\"1:1\" data-vp-tilt-effect=\"false\" data-vp-slider-stretch-to-container=\"false\" data-vp-slider-navigation-anchor=\"\" >\n\t<div class=\"vp-portfolio__preloader-wrap\">\n\t\t<div class=\"vp-portfolio__preloader\">\n\t\t\t<img decoding=\"async\" loading=\"eager\" src=\"https:\/\/mentorxl.com\/wp-content\/plugins\/visual-portfolio\/assets\/images\/logo-dark.svg\" alt=\"Visual Portfolio, Posts &amp; Image Gallery for WordPress\" width=\"20\" height=\"20\" data-skip-lazy>\n\t\t<\/div>\n\t<\/div>\n\t\t<div class=\"vp-portfolio__items-wrap\">\n\t\t\t\n<div class=\"vp-portfolio__items vp-portfolio__items-style-default vp-portfolio__items-show-overlay-hover\">\n\n\t\t<article\t\tclass=\"vp-portfolio__item-wrap post-6453 portfolio type-portfolio status-publish format-standard has-post-thumbnail hentry portfolio_category-campaignadvertising vp-portfolio__item-uid-80c04229\" data-vp-filter=\"campaignadvertising\" style=\"--vp-images__object-position: 50% 50%;\" \t\t>\n\t\t\t\t\t\t\t\t\t<figure class=\"vp-portfolio__item\">\n\t\t\t\t\n<div class=\"vp-portfolio__item-img-wrap\">\n\t<div class=\"vp-portfolio__item-img\">\n\t\t\t<a\n\t\thref=\"https:\/\/mentorxl.com\/en\/portfolio\/enginlere-sigmaz-tasiriz\/\"\n\t\t\t>\n\t\n\t\t<noscript><img fetchpriority=\"high\" decoding=\"async\" width=\"936\" height=\"700\" data-skip-lazy src=\"https:\/\/mentorxl.com\/wp-content\/uploads\/2023\/02\/KAPAK-1.jpg\" class=\"wp-image-6458\" alt=\"\" srcset=\"https:\/\/mentorxl.com\/wp-content\/uploads\/2023\/02\/KAPAK-1.jpg 936w, https:\/\/mentorxl.com\/wp-content\/uploads\/2023\/02\/KAPAK-1-300x224.jpg 300w, https:\/\/mentorxl.com\/wp-content\/uploads\/2023\/02\/KAPAK-1-768x574.jpg 768w, https:\/\/mentorxl.com\/wp-content\/uploads\/2023\/02\/KAPAK-1-500x374.jpg 500w, https:\/\/mentorxl.com\/wp-content\/uploads\/2023\/02\/KAPAK-1-800x598.jpg 800w\" sizes=\"(max-width: 936px) 100vw, 936px\" \/><\/noscript><img decoding=\"async\" width=\"936\" height=\"700\" src=\"https:\/\/mentorxl.com\/wp-content\/uploads\/2023\/02\/KAPAK-1.jpg\" class=\"wp-image-6458 vp-lazyload\" alt srcset=\"data:image\/svg+xml;base64,PHN2ZyB3aWR0aD0iOTM2IiBoZWlnaHQ9IjcwMCIgdmlld0JveD0iMCAwIDkzNiA3MDAiIGZpbGw9Im5vbmUiIHhtbG5zPSJodHRwOi8vd3d3LnczLm9yZy8yMDAwL3N2ZyI+PC9zdmc+\" data-src=\"https:\/\/mentorxl.com\/wp-content\/uploads\/2023\/02\/KAPAK-1.jpg\" data-srcset=\"https:\/\/mentorxl.com\/wp-content\/uploads\/2023\/02\/KAPAK-1.jpg 936w, https:\/\/mentorxl.com\/wp-content\/uploads\/2023\/02\/KAPAK-1-300x224.jpg 300w, https:\/\/mentorxl.com\/wp-content\/uploads\/2023\/02\/KAPAK-1-768x574.jpg 768w, https:\/\/mentorxl.com\/wp-content\/uploads\/2023\/02\/KAPAK-1-500x374.jpg 500w, https:\/\/mentorxl.com\/wp-content\/uploads\/2023\/02\/KAPAK-1-800x598.jpg 800w\" data-sizes=\"auto\" loading=\"eager\">\n\t\t<div class=\"vp-portfolio__item-overlay\">\n\t\t\t\t\t<\/div>\n\n\t\t<\/a>\t<\/div>\n<\/div>\n\n<figcaption class=\"vp-portfolio__item-overlay vp-portfolio__item-align-center\">\n\t\t\t<div class=\"vp-portfolio__item-meta\">\n\t\t\t\n<h5 class=\"vp-portfolio__item-meta-title\">\n\t\t<a\n\t\thref=\"https:\/\/mentorxl.com\/en\/portfolio\/enginlere-sigmaz-tasiriz\/\"\n\t\t\t>\n\tKargoist: Enginlere S\u0131\u011fmaz Ta\u015f\u0131r\u0131z<\/a><\/h5>\t\t<\/div>\n\t<\/figcaption>\t\t\t<\/figure>\n\t\t\t\t\t<\/article>\n\t\t\n\t\t<article\t\tclass=\"vp-portfolio__item-wrap post-6481 portfolio type-portfolio status-publish format-standard has-post-thumbnail hentry portfolio_category-campaignadvertising vp-portfolio__item-uid-db605d48\" data-vp-filter=\"campaignadvertising\" style=\"--vp-images__object-position: 50% 50%;\" \t\t>\n\t\t\t\t\t\t\t\t\t<figure class=\"vp-portfolio__item\">\n\t\t\t\t\n<div class=\"vp-portfolio__item-img-wrap\">\n\t<div class=\"vp-portfolio__item-img\">\n\t\t\t<a\n\t\thref=\"https:\/\/mentorxl.com\/en\/portfolio\/kargoist-enginlere-sigmaz-tasiriz\/\"\n\t\t\t>\n\t\n\t\t<noscript><img decoding=\"async\" width=\"936\" height=\"700\" data-skip-lazy src=\"https:\/\/mentorxl.com\/wp-content\/uploads\/2023\/02\/kapak-2.jpg\" class=\"wp-image-6491\" alt=\"\" srcset=\"https:\/\/mentorxl.com\/wp-content\/uploads\/2023\/02\/kapak-2.jpg 936w, https:\/\/mentorxl.com\/wp-content\/uploads\/2023\/02\/kapak-2-300x224.jpg 300w, https:\/\/mentorxl.com\/wp-content\/uploads\/2023\/02\/kapak-2-768x574.jpg 768w, https:\/\/mentorxl.com\/wp-content\/uploads\/2023\/02\/kapak-2-500x374.jpg 500w, https:\/\/mentorxl.com\/wp-content\/uploads\/2023\/02\/kapak-2-800x598.jpg 800w\" sizes=\"(max-width: 936px) 100vw, 936px\" \/><\/noscript><img decoding=\"async\" width=\"936\" height=\"700\" src=\"https:\/\/mentorxl.com\/wp-content\/uploads\/2023\/02\/kapak-2.jpg\" class=\"wp-image-6491 vp-lazyload\" alt srcset=\"data:image\/svg+xml;base64,PHN2ZyB3aWR0aD0iOTM2IiBoZWlnaHQ9IjcwMCIgdmlld0JveD0iMCAwIDkzNiA3MDAiIGZpbGw9Im5vbmUiIHhtbG5zPSJodHRwOi8vd3d3LnczLm9yZy8yMDAwL3N2ZyI+PC9zdmc+\" data-src=\"https:\/\/mentorxl.com\/wp-content\/uploads\/2023\/02\/kapak-2.jpg\" data-srcset=\"https:\/\/mentorxl.com\/wp-content\/uploads\/2023\/02\/kapak-2.jpg 936w, https:\/\/mentorxl.com\/wp-content\/uploads\/2023\/02\/kapak-2-300x224.jpg 300w, https:\/\/mentorxl.com\/wp-content\/uploads\/2023\/02\/kapak-2-768x574.jpg 768w, https:\/\/mentorxl.com\/wp-content\/uploads\/2023\/02\/kapak-2-500x374.jpg 500w, https:\/\/mentorxl.com\/wp-content\/uploads\/2023\/02\/kapak-2-800x598.jpg 800w\" data-sizes=\"auto\" loading=\"eager\">\n\t\t<div class=\"vp-portfolio__item-overlay\">\n\t\t\t\t\t<\/div>\n\n\t\t<\/a>\t<\/div>\n<\/div>\n\n<figcaption class=\"vp-portfolio__item-overlay vp-portfolio__item-align-center\">\n\t\t\t<div class=\"vp-portfolio__item-meta\">\n\t\t\t\n<h5 class=\"vp-portfolio__item-meta-title\">\n\t\t<a\n\t\thref=\"https:\/\/mentorxl.com\/en\/portfolio\/kargoist-enginlere-sigmaz-tasiriz\/\"\n\t\t\t>\n\tTammat: Netleri Katlatan Seri<\/a><\/h5>\t\t<\/div>\n\t<\/figcaption>\t\t\t<\/figure>\n\t\t\t\t\t<\/article>\n\t\t\n\t\t<article\t\tclass=\"vp-portfolio__item-wrap post-6470 portfolio type-portfolio status-publish format-standard has-post-thumbnail hentry portfolio_category-campaignadvertising vp-portfolio__item-uid-2bff7111\" data-vp-filter=\"campaignadvertising\" style=\"--vp-images__object-position: 50% 50%;\" \t\t>\n\t\t\t\t\t\t\t\t\t<figure class=\"vp-portfolio__item\">\n\t\t\t\t\n<div class=\"vp-portfolio__item-img-wrap\">\n\t<div class=\"vp-portfolio__item-img\">\n\t\t\t<a\n\t\thref=\"https:\/\/mentorxl.com\/en\/portfolio\/turksekerden-tarihi-adim\/\"\n\t\t\t>\n\t\n\t\t<noscript><img decoding=\"async\" width=\"936\" height=\"700\" data-skip-lazy src=\"https:\/\/mentorxl.com\/wp-content\/uploads\/2023\/02\/hububat-uretimi.jpg\" class=\"wp-image-6474\" alt=\"\" srcset=\"https:\/\/mentorxl.com\/wp-content\/uploads\/2023\/02\/hububat-uretimi.jpg 936w, https:\/\/mentorxl.com\/wp-content\/uploads\/2023\/02\/hububat-uretimi-300x224.jpg 300w, https:\/\/mentorxl.com\/wp-content\/uploads\/2023\/02\/hububat-uretimi-768x574.jpg 768w, https:\/\/mentorxl.com\/wp-content\/uploads\/2023\/02\/hububat-uretimi-500x374.jpg 500w, https:\/\/mentorxl.com\/wp-content\/uploads\/2023\/02\/hububat-uretimi-800x598.jpg 800w\" sizes=\"(max-width: 936px) 100vw, 936px\" \/><\/noscript><img decoding=\"async\" width=\"936\" height=\"700\" src=\"https:\/\/mentorxl.com\/wp-content\/uploads\/2023\/02\/hububat-uretimi.jpg\" class=\"wp-image-6474 vp-lazyload\" alt srcset=\"data:image\/svg+xml;base64,PHN2ZyB3aWR0aD0iOTM2IiBoZWlnaHQ9IjcwMCIgdmlld0JveD0iMCAwIDkzNiA3MDAiIGZpbGw9Im5vbmUiIHhtbG5zPSJodHRwOi8vd3d3LnczLm9yZy8yMDAwL3N2ZyI+PC9zdmc+\" data-src=\"https:\/\/mentorxl.com\/wp-content\/uploads\/2023\/02\/hububat-uretimi.jpg\" data-srcset=\"https:\/\/mentorxl.com\/wp-content\/uploads\/2023\/02\/hububat-uretimi.jpg 936w, https:\/\/mentorxl.com\/wp-content\/uploads\/2023\/02\/hububat-uretimi-300x224.jpg 300w, https:\/\/mentorxl.com\/wp-content\/uploads\/2023\/02\/hububat-uretimi-768x574.jpg 768w, https:\/\/mentorxl.com\/wp-content\/uploads\/2023\/02\/hububat-uretimi-500x374.jpg 500w, https:\/\/mentorxl.com\/wp-content\/uploads\/2023\/02\/hububat-uretimi-800x598.jpg 800w\" data-sizes=\"auto\" loading=\"eager\">\n\t\t<div class=\"vp-portfolio__item-overlay\">\n\t\t\t\t\t<\/div>\n\n\t\t<\/a>\t<\/div>\n<\/div>\n\n<figcaption class=\"vp-portfolio__item-overlay vp-portfolio__item-align-center\">\n\t\t\t<div class=\"vp-portfolio__item-meta\">\n\t\t\t\n<h5 class=\"vp-portfolio__item-meta-title\">\n\t\t<a\n\t\thref=\"https:\/\/mentorxl.com\/en\/portfolio\/turksekerden-tarihi-adim\/\"\n\t\t\t>\n\tT\u00fcrk\u015feker&#8217;den Tarihi Ad\u0131m<\/a><\/h5>\t\t<\/div>\n\t<\/figcaption>\t\t\t<\/figure>\n\t\t\t\t\t<\/article>\n\t\t\n<\/div>\n\t\t<\/div>\n\t\t\t\t<div class=\"vp-portfolio__layout-elements vp-portfolio__layout-elements-bottom vp-portfolio__layout-elements-align-center\">\n\t\t\t\t<div class=\"vp-portfolio__pagination-wrap\">\n\t\t\t\t<\/div>\n\t\t\t\t<\/div>\n\t\t\n<\/div>\n\t\t\t\t\t<\/div>\n\t\t\t\t<\/div>\n\t\t\t\t<\/div>\n\t\t\t\t\t<\/div>\n\t\t<\/div>\n\t\t\t\t\t<\/div>\n\t\t<\/section>\n\t\t\t\t<\/div>\n\t\t","protected":false},"excerpt":{"rendered":"<p>WE HAVE EYES ON THE PRIZE. CAMPAIGN \/ ADVERTISING We\u2019ll admit we aim pretty high. Just like our name, we love to do XL jobs. Therefore we are enthusiastic about creating projects that will increase your brand loyalty and touch the very hearts of your customers. While doing this, we think in 360 degrees; We [&hellip;]<\/p>\n","protected":false},"author":1,"featured_media":0,"parent":0,"menu_order":7,"comment_status":"closed","ping_status":"closed","template":"template-custom-page.php","meta":{"_vp_format_video_url":"","_vp_image_focal_point":[],"footnotes":""},"yoast_head":"<!-- This site is optimized with the Yoast SEO plugin v22.6 - https:\/\/yoast.com\/wordpress\/plugins\/seo\/ -->\n<title>Innovative Ad Campaigns - MentorXL<\/title>\n<meta name=\"description\" content=\"Transform your marketing with MentorXL&#039;s innovative advertising campaigns. Engage and grow your audience. Contact us now!\" \/>\n<meta name=\"robots\" content=\"index, follow, max-snippet:-1, max-image-preview:large, max-video-preview:-1\" \/>\n<link rel=\"canonical\" href=\"https:\/\/mentorxl.com\/en\/campaign-advertising\/\" \/>\n<meta property=\"og:locale\" content=\"en_US\" \/>\n<meta property=\"og:type\" content=\"article\" \/>\n<meta property=\"og:title\" content=\"Innovative Ad Campaigns - MentorXL\" \/>\n<meta property=\"og:description\" content=\"Transform your marketing with MentorXL&#039;s innovative advertising campaigns. Engage and grow your audience. Contact us now!\" \/>\n<meta property=\"og:url\" content=\"https:\/\/mentorxl.com\/en\/campaign-advertising\/\" \/>\n<meta property=\"og:site_name\" content=\"mentorXL\" \/>\n<meta property=\"article:modified_time\" content=\"2024-05-23T15:52:44+00:00\" \/>\n<meta name=\"twitter:card\" content=\"summary_large_image\" \/>\n<meta name=\"twitter:label1\" content=\"Est. reading time\" \/>\n\t<meta name=\"twitter:data1\" content=\"1 minute\" \/>\n<script type=\"application\/ld+json\" class=\"yoast-schema-graph\">{\"@context\":\"https:\/\/schema.org\",\"@graph\":[{\"@type\":\"WebPage\",\"@id\":\"https:\/\/mentorxl.com\/en\/campaign-advertising\/\",\"url\":\"https:\/\/mentorxl.com\/en\/campaign-advertising\/\",\"name\":\"Innovative Ad Campaigns - MentorXL\",\"isPartOf\":{\"@id\":\"https:\/\/mentorxl.com\/#website\"},\"datePublished\":\"2023-02-24T14:51:43+00:00\",\"dateModified\":\"2024-05-23T15:52:44+00:00\",\"description\":\"Transform your marketing with MentorXL's innovative advertising campaigns. Engage and grow your audience. Contact us now!\",\"breadcrumb\":{\"@id\":\"https:\/\/mentorxl.com\/en\/campaign-advertising\/#breadcrumb\"},\"inLanguage\":\"en-US\",\"potentialAction\":[{\"@type\":\"ReadAction\",\"target\":[\"https:\/\/mentorxl.com\/en\/campaign-advertising\/\"]}]},{\"@type\":\"BreadcrumbList\",\"@id\":\"https:\/\/mentorxl.com\/en\/campaign-advertising\/#breadcrumb\",\"itemListElement\":[{\"@type\":\"ListItem\",\"position\":1,\"name\":\"Home\",\"item\":\"https:\/\/mentorxl.com\/\"},{\"@type\":\"ListItem\",\"position\":2,\"name\":\"CAMPAIGN \/ ADVERTISING\"}]},{\"@type\":\"WebSite\",\"@id\":\"https:\/\/mentorxl.com\/#website\",\"url\":\"https:\/\/mentorxl.com\/\",\"name\":\"mentorXL\",\"description\":\"\",\"publisher\":{\"@id\":\"https:\/\/mentorxl.com\/#organization\"},\"potentialAction\":[{\"@type\":\"SearchAction\",\"target\":{\"@type\":\"EntryPoint\",\"urlTemplate\":\"https:\/\/mentorxl.com\/?s={search_term_string}\"},\"query-input\":\"required name=search_term_string\"}],\"inLanguage\":\"en-US\"},{\"@type\":\"Organization\",\"@id\":\"https:\/\/mentorxl.com\/#organization\",\"name\":\"MentorXL\",\"url\":\"https:\/\/mentorxl.com\/\",\"logo\":{\"@type\":\"ImageObject\",\"inLanguage\":\"en-US\",\"@id\":\"https:\/\/mentorxl.com\/#\/schema\/logo\/image\/\",\"url\":\"https:\/\/mentorxl.com\/wp-content\/uploads\/2023\/03\/285873463_432473161648848_1741675040718997807_n-1.jpg\",\"contentUrl\":\"https:\/\/mentorxl.com\/wp-content\/uploads\/2023\/03\/285873463_432473161648848_1741675040718997807_n-1.jpg\",\"width\":320,\"height\":320,\"caption\":\"MentorXL\"},\"image\":{\"@id\":\"https:\/\/mentorxl.com\/#\/schema\/logo\/image\/\"},\"sameAs\":[\"https:\/\/www.instagram.com\/mentor.xl\/\"]}]}<\/script>\n<!-- \/ Yoast SEO plugin. -->","yoast_head_json":{"title":"Innovative Ad Campaigns - MentorXL","description":"Transform your marketing with MentorXL's innovative advertising campaigns. Engage and grow your audience. Contact us now!","robots":{"index":"index","follow":"follow","max-snippet":"max-snippet:-1","max-image-preview":"max-image-preview:large","max-video-preview":"max-video-preview:-1"},"canonical":"https:\/\/mentorxl.com\/en\/campaign-advertising\/","og_locale":"en_US","og_type":"article","og_title":"Innovative Ad Campaigns - MentorXL","og_description":"Transform your marketing with MentorXL's innovative advertising campaigns. Engage and grow your audience. Contact us now!","og_url":"https:\/\/mentorxl.com\/en\/campaign-advertising\/","og_site_name":"mentorXL","article_modified_time":"2024-05-23T15:52:44+00:00","twitter_card":"summary_large_image","twitter_misc":{"Est. reading time":"1 minute"},"schema":{"@context":"https:\/\/schema.org","@graph":[{"@type":"WebPage","@id":"https:\/\/mentorxl.com\/en\/campaign-advertising\/","url":"https:\/\/mentorxl.com\/en\/campaign-advertising\/","name":"Innovative Ad Campaigns - MentorXL","isPartOf":{"@id":"https:\/\/mentorxl.com\/#website"},"datePublished":"2023-02-24T14:51:43+00:00","dateModified":"2024-05-23T15:52:44+00:00","description":"Transform your marketing with MentorXL's innovative advertising campaigns. Engage and grow your audience. Contact us now!","breadcrumb":{"@id":"https:\/\/mentorxl.com\/en\/campaign-advertising\/#breadcrumb"},"inLanguage":"en-US","potentialAction":[{"@type":"ReadAction","target":["https:\/\/mentorxl.com\/en\/campaign-advertising\/"]}]},{"@type":"BreadcrumbList","@id":"https:\/\/mentorxl.com\/en\/campaign-advertising\/#breadcrumb","itemListElement":[{"@type":"ListItem","position":1,"name":"Home","item":"https:\/\/mentorxl.com\/"},{"@type":"ListItem","position":2,"name":"CAMPAIGN \/ ADVERTISING"}]},{"@type":"WebSite","@id":"https:\/\/mentorxl.com\/#website","url":"https:\/\/mentorxl.com\/","name":"mentorXL","description":"","publisher":{"@id":"https:\/\/mentorxl.com\/#organization"},"potentialAction":[{"@type":"SearchAction","target":{"@type":"EntryPoint","urlTemplate":"https:\/\/mentorxl.com\/?s={search_term_string}"},"query-input":"required name=search_term_string"}],"inLanguage":"en-US"},{"@type":"Organization","@id":"https:\/\/mentorxl.com\/#organization","name":"MentorXL","url":"https:\/\/mentorxl.com\/","logo":{"@type":"ImageObject","inLanguage":"en-US","@id":"https:\/\/mentorxl.com\/#\/schema\/logo\/image\/","url":"https:\/\/mentorxl.com\/wp-content\/uploads\/2023\/03\/285873463_432473161648848_1741675040718997807_n-1.jpg","contentUrl":"https:\/\/mentorxl.com\/wp-content\/uploads\/2023\/03\/285873463_432473161648848_1741675040718997807_n-1.jpg","width":320,"height":320,"caption":"MentorXL"},"image":{"@id":"https:\/\/mentorxl.com\/#\/schema\/logo\/image\/"},"sameAs":["https:\/\/www.instagram.com\/mentor.xl\/"]}]}},"_links":{"self":[{"href":"https:\/\/mentorxl.com\/en\/wp-json\/wp\/v2\/pages\/6728"}],"collection":[{"href":"https:\/\/mentorxl.com\/en\/wp-json\/wp\/v2\/pages"}],"about":[{"href":"https:\/\/mentorxl.com\/en\/wp-json\/wp\/v2\/types\/page"}],"author":[{"embeddable":true,"href":"https:\/\/mentorxl.com\/en\/wp-json\/wp\/v2\/users\/1"}],"replies":[{"embeddable":true,"href":"https:\/\/mentorxl.com\/en\/wp-json\/wp\/v2\/comments?post=6728"}],"version-history":[{"count":17,"href":"https:\/\/mentorxl.com\/en\/wp-json\/wp\/v2\/pages\/6728\/revisions"}],"predecessor-version":[{"id":7422,"href":"https:\/\/mentorxl.com\/en\/wp-json\/wp\/v2\/pages\/6728\/revisions\/7422"}],"wp:attachment":[{"href":"https:\/\/mentorxl.com\/en\/wp-json\/wp\/v2\/media?parent=6728"}],"curies":[{"name":"wp","href":"https:\/\/api.w.org\/{rel}","templated":true}]}}